{"id":2884,"date":"2019-03-16T04:42:59","date_gmt":"2019-03-16T04:42:59","guid":{"rendered":"http:\/\/rstheme.com\/products\/wordpress\/ristora\/?page_id=2884"},"modified":"2026-04-09T14:39:20","modified_gmt":"2026-04-09T12:39:20","slug":"burger-grill","status":"publish","type":"page","link":"https:\/\/burgermiesko.pl\/","title":{"rendered":"Burger &#038; Grill"},"content":{"rendered":"<div class=\"wpb-content-wrapper\"><p>[vc_row content_placement=&#8221;middle&#8221; css=&#8221;.vc_custom_1552638487467{padding-top: 100px !important;padding-bottom: 65px !important;}&#8221; el_id=&#8221;about&#8221;][vc_column width=&#8221;1\/2&#8243; css=&#8221;.vc_custom_1552028614198{padding-right: 50px !important;}&#8221;][vc_single_image image=&#8221;3129&#8243; img_size=&#8221;full&#8221; css=&#8221;&#8221;][\/vc_column][vc_column width=&#8221;1\/2&#8243;]\r\n        <div class=\"rs-heading style8   \">\r\n        \t<div class=\"title-inner\">\r\n\t            \r\n\t            <span style=\"color: #F5E3C7\" class=\"sub-text\">Smak, kt\u00f3ry dostarczamy<\/span>\r\n\t            <h2 class=\"title\" style=\"color: #FFFFFF\">pod Twoje drzwi!<\/h2>\r\n\t        <\/div><\/div>[vc_column_text css=&#8221;&#8221; el_class=&#8221;about-page&#8221;]Jeste\u015bmy tutaj, aby dostarczy\u0107 Ci najlepsze kawa\u0142ki mi\u0119ska, soczyste burgery, chrupi\u0105ce \u017ceberka, klasyczne hot dogi, \u015bwie\u017ce sa\u0142atki i najlepsze frytki! Stawiamy na jako\u015b\u0107, smak i wygod\u0119 \u2013 to wszystko prosto do Twojego domu![\/vc_column_text]\r\n<div class=\" norotate  btn-left\">\r\n\t<a data-onhoverbg=\"#FFFFFF\" data-bordercolor=\"#EE2341\" class=\"rs-button readon btn2  btn-border\" href=\"https:\/\/www.pyszne.pl\/en\/menu\/joker-20-krakow-centralna?gclsrc=aw.ds&&adj_tracker=5rz7oa4&adj_campaign=11848902366&k1111=k1111&campaignname=CM_S_G_POL_EN_%5BRES%5D_%5BENGM%5D_SC_Krakow_1011367&utm_source=google&utm_medium=cpc&utm_campaign=CM_S_G_POL_EN_%5BRES%5D_%5BENGM%5D_SC_Krakow_1011367&gad_source=1&gad_campaignid=11848902366&gbraid=0AAAAAD3ULIX_iFar9ykuoEX08kzuQyEW8&gclid=Cj0KCQjw953DBhCyARIsANhIZoaCHF5oMWXu3oDPAASSO5vzJb48003fRvJtDdTYEftbnBXLthlITsgaArs3EALw_wcB\" style=\"color:#ffffff;background:#EE2341;border-color:#EE2341;border-color:#EE2341;text-transform:uppercase;border-radius: 30px;\" data-onhovercolor=\"#EE2341\" data-onleavebg=\"#EE2341\" data-onleavecolor=\"#ffffff\" ><span>ZAM\u00d3W TERAZ<\/span><\/a>\r\n<\/div>[\/vc_column][\/vc_row][vc_row full_width=&#8221;stretch_row&#8221; css=&#8221;.vc_custom_1752050322023{padding-top: 65px !important;padding-bottom: 165px !important;background-image: url(http:\/\/burgermiesko.pl\/wp-content\/uploads\/2025\/07\/SECTION-BG2.jpg?id=3141) !important;}&#8221;][vc_column]\r\n        <div class=\"rs-heading style8   text-center\">\r\n        \t<div class=\"title-inner\">\r\n\t            \r\n\t            \r\n\t            <h2 class=\"title\" style=\"color: #FFFFFF\">Nasze Menu<\/h2>\r\n\t        <\/div><\/div><div class=\"rs-services \">\r\n  \t\t\t\t\t<div class=\"services-details menu-carousel owl-carousel owl-navigation-yes\"><div class=\"rs-services menu-area\"><div class=\"service-inner services-style-8 menu-slider\">\r\n\t\t\t\t\t\t\t<div class=\"item\">\r\n\t\t\t\t\t\t            <div class=\"single-menu-area\">\r\n\t\t\t\t\t\t                <div class=\"cl-single-menu\">\r\n\t\t\t\t\t\t                    <figure><img decoding=\"async\" src=\"https:\/\/burgermiesko.pl\/wp-content\/uploads\/2025\/07\/burger1-1024x1024.jpg\" alt=\"Rs-service\"><\/figure>\r\n\t\t\t\t\t\t                    <div class=\"overlay\">\r\n\t\t\t\t\t\t\t\t\t\t\t\t<div class=\"short-desc2\">\r\n\t\t\t\t\t\t\t\t\t\t\t\t\t<h2 class=\"services-title services-title2\" data-onhovercolor=\"#222\" data-onleavecolor=\"#000\">BURGERY<\/h2>\r\n\t\t\t\t\t\t\t\t\t\t\t\t\t<div class=\"short-desc\">\r\n\t\t\t\t\t\t\t\t\t\t\t\t\t\tSoczyste, pe\u0142ne smaku, przygotowane z najlepszej jako\u015bci mi\u0119sa. Do wyboru klasyczne czy wersje wegetaria\u0144skie \u2013 ka\u017cdy znajdzie co\u015b dla siebie!\r\n\t\t\t\t\t\t\t\t\t\t\t\t\t\t\r\n\t\t\t\t\t\t\t\t\t\t\t\t\t<\/div>\r\n\t\t\t\t\t\t\t\t\t\t\t\t<\/div>\r\n\t\t\t\t\t\t                    <\/div>\r\n\t\t\t\t\t\t                <\/div>\r\n\t\t\t\t\t\t\t\t\t\t<div class=\"article\">\r\n\t\t\t\t\t\t\t\t\t\t\t<h3>BURGERY<\/h3>\r\n\t\t\t\t\t\t\t\t\t\t<\/div>\r\n\t\t\t\t\t\t            <\/div>\r\n\t\t\t\t\t\t        <\/div>\r\n\t\t\t\t\t\t\t<\/div>\r\n\t\t\t\t\t\t<\/div><div class=\"rs-services menu-area\"><div class=\"service-inner services-style-8 menu-slider\">\r\n\t\t\t\t\t\t\t<div class=\"item\">\r\n\t\t\t\t\t\t            <div class=\"single-menu-area\">\r\n\t\t\t\t\t\t                <div class=\"cl-single-menu\">\r\n\t\t\t\t\t\t                    <figure><img decoding=\"async\" src=\"https:\/\/burgermiesko.pl\/wp-content\/uploads\/2025\/07\/zeberka1-1024x1024.jpg\" alt=\"Rs-service\"><\/figure>\r\n\t\t\t\t\t\t                    <div class=\"overlay\">\r\n\t\t\t\t\t\t\t\t\t\t\t\t<div class=\"short-desc2\">\r\n\t\t\t\t\t\t\t\t\t\t\t\t\t<h2 class=\"services-title services-title2\" data-onhovercolor=\"#222\" data-onleavecolor=\"#000\">\u017bEBERKA<\/h2>\r\n\t\t\t\t\t\t\t\t\t\t\t\t\t<div class=\"short-desc\">\r\n\t\t\t\t\t\t\t\t\t\t\t\t\t\tMi\u0119ciutkie, idealnie doprawione, pieczone przez godziny, by osi\u0105gn\u0105\u0107 perfekcyjny smak. To klasyka, kt\u00f3ra zawsze zachwyca.\r\n\t\t\t\t\t\t\t\t\t\t\t\t\t\t\r\n\t\t\t\t\t\t\t\t\t\t\t\t\t<\/div>\r\n\t\t\t\t\t\t\t\t\t\t\t\t<\/div>\r\n\t\t\t\t\t\t                    <\/div>\r\n\t\t\t\t\t\t                <\/div>\r\n\t\t\t\t\t\t\t\t\t\t<div class=\"article\">\r\n\t\t\t\t\t\t\t\t\t\t\t<h3>\u017bEBERKA<\/h3>\r\n\t\t\t\t\t\t\t\t\t\t<\/div>\r\n\t\t\t\t\t\t            <\/div>\r\n\t\t\t\t\t\t        <\/div>\r\n\t\t\t\t\t\t\t<\/div>\r\n\t\t\t\t\t\t<\/div><div class=\"rs-services menu-area\"><div class=\"service-inner services-style-8 menu-slider\">\r\n\t\t\t\t\t\t\t<div class=\"item\">\r\n\t\t\t\t\t\t            <div class=\"single-menu-area\">\r\n\t\t\t\t\t\t                <div class=\"cl-single-menu\">\r\n\t\t\t\t\t\t                    <figure><img decoding=\"async\" src=\"https:\/\/burgermiesko.pl\/wp-content\/uploads\/2025\/07\/salatki1-1024x1024.jpg\" alt=\"Rs-service\"><\/figure>\r\n\t\t\t\t\t\t                    <div class=\"overlay\">\r\n\t\t\t\t\t\t\t\t\t\t\t\t<div class=\"short-desc2\">\r\n\t\t\t\t\t\t\t\t\t\t\t\t\t<h2 class=\"services-title services-title2\" data-onhovercolor=\"#222\" data-onleavecolor=\"#000\">SA\u0141ATKI<\/h2>\r\n\t\t\t\t\t\t\t\t\t\t\t\t\t<div class=\"short-desc\">\r\n\t\t\t\t\t\t\t\t\t\t\t\t\t\t\u015awie\u017ce, pe\u0142ne warzyw i dodatk\u00f3w, kt\u00f3re idealnie komponuj\u0105 si\u0119 z naszymi daniami. Lekko\u015b\u0107, kt\u00f3r\u0105 pokocha ka\u017cdy!\r\n\t\t\t\t\t\t\t\t\t\t\t\t\t\t\r\n\t\t\t\t\t\t\t\t\t\t\t\t\t<\/div>\r\n\t\t\t\t\t\t\t\t\t\t\t\t<\/div>\r\n\t\t\t\t\t\t                    <\/div>\r\n\t\t\t\t\t\t                <\/div>\r\n\t\t\t\t\t\t\t\t\t\t<div class=\"article\">\r\n\t\t\t\t\t\t\t\t\t\t\t<h3>SA\u0141ATKI<\/h3>\r\n\t\t\t\t\t\t\t\t\t\t<\/div>\r\n\t\t\t\t\t\t            <\/div>\r\n\t\t\t\t\t\t        <\/div>\r\n\t\t\t\t\t\t\t<\/div>\r\n\t\t\t\t\t\t<\/div><div class=\"rs-services menu-area\"><div class=\"service-inner services-style-8 menu-slider\">\r\n\t\t\t\t\t\t\t<div class=\"item\">\r\n\t\t\t\t\t\t            <div class=\"single-menu-area\">\r\n\t\t\t\t\t\t                <div class=\"cl-single-menu\">\r\n\t\t\t\t\t\t                    <figure><img decoding=\"async\" src=\"https:\/\/burgermiesko.pl\/wp-content\/uploads\/2025\/07\/party-set1-1024x1024.jpg\" alt=\"Rs-service\"><\/figure>\r\n\t\t\t\t\t\t                    <div class=\"overlay\">\r\n\t\t\t\t\t\t\t\t\t\t\t\t<div class=\"short-desc2\">\r\n\t\t\t\t\t\t\t\t\t\t\t\t\t<h2 class=\"services-title services-title2\" data-onhovercolor=\"#222\" data-onleavecolor=\"#000\">PARTY SET<\/h2>\r\n\t\t\t\t\t\t\t\t\t\t\t\t\t<div class=\"short-desc\">\r\n\t\t\t\t\t\t\t\t\t\t\t\t\t\tIdealne na imprezy, spotkania z przyjaci\u00f3\u0142mi czy po prostu wtedy, gdy masz ochot\u0119 na co\u015b wyj\u0105tkowego! \r\n\t\t\t\t\t\t\t\t\t\t\t\t\t\t\r\n\t\t\t\t\t\t\t\t\t\t\t\t\t<\/div>\r\n\t\t\t\t\t\t\t\t\t\t\t\t<\/div>\r\n\t\t\t\t\t\t                    <\/div>\r\n\t\t\t\t\t\t                <\/div>\r\n\t\t\t\t\t\t\t\t\t\t<div class=\"article\">\r\n\t\t\t\t\t\t\t\t\t\t\t<h3>PARTY SET<\/h3>\r\n\t\t\t\t\t\t\t\t\t\t<\/div>\r\n\t\t\t\t\t\t            <\/div>\r\n\t\t\t\t\t\t        <\/div>\r\n\t\t\t\t\t\t\t<\/div>\r\n\t\t\t\t\t\t<\/div><\/div>\r\n\t\t\t\t<\/div>[\/vc_column][\/vc_row][vc_row full_width=&#8221;stretch_row&#8221; css=&#8221;.vc_custom_1752127261947{padding-top: 58px !important;padding-bottom: 0px !important;}&#8221; el_id=&#8221;menu&#8221;][vc_column width=&#8221;1\/2&#8243;]\r\n        <div class=\"rs-heading style8   \">\r\n        \t<div class=\"title-inner\">\r\n\t            \r\n\t            <span class=\"sub-text\">Poznaj<\/span>\r\n\t            <h2 class=\"title\" style=\"color: #FFFFFF\">Nasze bestsellery<\/h2>\r\n\t        <\/div><\/div>[\/vc_column][vc_column width=&#8221;1\/2&#8243;]\r\n<div class=\" vc_custom_1752061770206 norotate  btn-right\">\r\n\t<a data-onhoverbg=\"#FFFFFF\" data-bordercolor=\"#EE2341\" class=\"rs-button readon btn2  btn-border\" href=\"https:\/\/www.pyszne.pl\/en\/menu\/joker-20-krakow-centralna?gclsrc=aw.ds&&adj_tracker=5rz7oa4&adj_campaign=11848902366&k1111=k1111&campaignname=CM_S_G_POL_EN_%5BRES%5D_%5BENGM%5D_SC_Krakow_1011367&utm_source=google&utm_medium=cpc&utm_campaign=CM_S_G_POL_EN_%5BRES%5D_%5BENGM%5D_SC_Krakow_1011367&gad_source=1&gad_campaignid=11848902366&gbraid=0AAAAAD3ULIX_iFar9ykuoEX08kzuQyEW8&gclid=Cj0KCQjw953DBhCyARIsANhIZoaCHF5oMWXu3oDPAASSO5vzJb48003fRvJtDdTYEftbnBXLthlITsgaArs3EALw_wcB\" style=\"color:#ffffff;background:#EE2341;border-color:#EE2341;border-color:#EE2341;text-transform:uppercase;border-radius: 30px;\" data-onhovercolor=\"#EE2341\" data-onleavebg=\"#EE2341\" data-onleavecolor=\"#ffffff\" ><span>zam\u00f3w online<\/span><\/a>\r\n<\/div>[\/vc_column][\/vc_row][vc_row full_width=&#8221;stretch_row&#8221; css=&#8221;.vc_custom_1752127248727{margin-top: -50px !important;padding-top: 0px !important;padding-bottom: 80px !important;background-position: 0 0 !important;background-repeat: repeat !important;}&#8221; el_id=&#8221;hepta-menu&#8221; el_class=&#8221;hepta-menu overflow-visible overflow-menu border-menus-sec&#8221;][vc_column][vc_tta_tabs active_section=&#8221;1&#8243;][vc_tta_section tab_id=&#8221;1752053451687-0c4e06d2-5736&#8243;][vc_row_inner el_class=&#8221;mblfull-width-sec&#8221;][vc_column_inner el_class=&#8221;border-style3&#8243; width=&#8221;1\/2&#8243;]<div class=\"rs-menu style2  \">\r\n\t\t\t\t\t\t<div class=\"item-wrap \">\r\n\t\t\t\t\t\t\t<div class=\"row\">\r\n\t\t\t\t\t\t\t\t<div class=\"col-md-4 col-sm-6 col-xs-12 menu-img\">\r\n\t\t\t\t\t\t\t\t\t<div class=\"inner-img\">\r\n\t\t\t\t\t\t\t\t\t\t<img decoding=\"async\" src=\"https:\/\/burgermiesko.pl\/wp-content\/uploads\/2025\/07\/serowe2-1024x1024.jpg\" alt=\"rsaddon-image\" \/>\r\n\t\t\t\t\t\t\t\t\t<\/div>\t\t\t\t\t\t\t\t\t\r\n\t\t\t\t\t\t\t\t<\/div>\r\n\t\t\t\t\t\t\t\t<div class=\"col-md-8 col-sm-6 col-xs-12 menu-right\">\r\n\t\t\t\t\t\t\t\t\t<div class=\"menu-desc\">\r\n\t\t\t\t\t\t\t\t\t\t<div class=\"inner-content\">\r\n\t\t\t\t\t\t\t\t\t\t\t<h3>Burger Mi\u0119sko Bekon&Ser<\/h3>\r\n\t\t\t\t\t\t\t\t\t\t\t<div class=\"content-p\"><\/div>\r\n\t\t\t\t\t\t\t\t\t\t\t<div class=\"menu-price\">                                   \r\n\t\t\t\t\t\t\t\t\t\t\t\t<div class=\"inner\">\r\n\t\t\t\t\t\t\t\t\t\t\t\t\t<span class=\"price\">37,90 z\u0142 <\/span>\r\n\t\t\t\t\t\t\t\t\t\t\t\t<\/div>\r\n\t\t\t\t\t\t\t\t\t\t\t<\/div>\r\n\t\t\t\t\t\t\t\t\t\t<\/div>\r\n\t\t\t\t\t\t\t\t\t<\/div>\r\n\t\t\t\t\t\t\t\t<\/div>\r\n\t\t\t\t\t\t\t<\/div>\r\n\t\t\t\t\t    <\/div>\r\n\t\t\t\t    <\/div><div class=\"rs-menu style2  vc_custom_1775738317614 \">\r\n\t\t\t\t\t\t<div class=\"item-wrap \">\r\n\t\t\t\t\t\t\t<div class=\"row\">\r\n\t\t\t\t\t\t\t\t<div class=\"col-md-4 col-sm-6 col-xs-12 menu-img\">\r\n\t\t\t\t\t\t\t\t\t<div class=\"inner-img\">\r\n\t\t\t\t\t\t\t\t\t\t<img decoding=\"async\" src=\"https:\/\/burgermiesko.pl\/wp-content\/uploads\/2025\/07\/z-kurczakiem2-1024x1024.jpg\" alt=\"rsaddon-image\" \/>\r\n\t\t\t\t\t\t\t\t\t<\/div>\t\t\t\t\t\t\t\t\t\r\n\t\t\t\t\t\t\t\t<\/div>\r\n\t\t\t\t\t\t\t\t<div class=\"col-md-8 col-sm-6 col-xs-12 menu-right\">\r\n\t\t\t\t\t\t\t\t\t<div class=\"menu-desc\">\r\n\t\t\t\t\t\t\t\t\t\t<div class=\"inner-content\">\r\n\t\t\t\t\t\t\t\t\t\t\t<h3>Sa\u0142atka z kurczakiem<\/h3>\r\n\t\t\t\t\t\t\t\t\t\t\t<div class=\"content-p\"><\/div>\r\n\t\t\t\t\t\t\t\t\t\t\t<div class=\"menu-price\">                                   \r\n\t\t\t\t\t\t\t\t\t\t\t\t<div class=\"inner\">\r\n\t\t\t\t\t\t\t\t\t\t\t\t\t<span class=\"price\">36,90 z\u0142 <\/span>\r\n\t\t\t\t\t\t\t\t\t\t\t\t<\/div>\r\n\t\t\t\t\t\t\t\t\t\t\t<\/div>\r\n\t\t\t\t\t\t\t\t\t\t<\/div>\r\n\t\t\t\t\t\t\t\t\t<\/div>\r\n\t\t\t\t\t\t\t\t<\/div>\r\n\t\t\t\t\t\t\t<\/div>\r\n\t\t\t\t\t    <\/div>\r\n\t\t\t\t    <\/div>[\/vc_column_inner][vc_column_inner width=&#8221;1\/2&#8243; css=&#8221;.vc_custom_1552385032985{padding-left: 100px !important;}&#8221;]<div class=\"rs-menu style2  \">\r\n\t\t\t\t\t\t<div class=\"item-wrap \">\r\n\t\t\t\t\t\t\t<div class=\"row\">\r\n\t\t\t\t\t\t\t\t<div class=\"col-md-4 col-sm-6 col-xs-12 menu-img\">\r\n\t\t\t\t\t\t\t\t\t<div class=\"inner-img\">\r\n\t\t\t\t\t\t\t\t\t\t<img decoding=\"async\" src=\"https:\/\/burgermiesko.pl\/wp-content\/uploads\/2025\/07\/zeberka3-1024x1024.jpg\" alt=\"rsaddon-image\" \/>\r\n\t\t\t\t\t\t\t\t\t<\/div>\t\t\t\t\t\t\t\t\t\r\n\t\t\t\t\t\t\t\t<\/div>\r\n\t\t\t\t\t\t\t\t<div class=\"col-md-8 col-sm-6 col-xs-12 menu-right\">\r\n\t\t\t\t\t\t\t\t\t<div class=\"menu-desc\">\r\n\t\t\t\t\t\t\t\t\t\t<div class=\"inner-content\">\r\n\t\t\t\t\t\t\t\t\t\t\t<h3>Pikantne \u017bebro<\/h3>\r\n\t\t\t\t\t\t\t\t\t\t\t<div class=\"content-p\"><\/div>\r\n\t\t\t\t\t\t\t\t\t\t\t<div class=\"menu-price\">                                   \r\n\t\t\t\t\t\t\t\t\t\t\t\t<div class=\"inner\">\r\n\t\t\t\t\t\t\t\t\t\t\t\t\t<span class=\"price\">39,90 z\u0142 <\/span>\r\n\t\t\t\t\t\t\t\t\t\t\t\t<\/div>\r\n\t\t\t\t\t\t\t\t\t\t\t<\/div>\r\n\t\t\t\t\t\t\t\t\t\t<\/div>\r\n\t\t\t\t\t\t\t\t\t<\/div>\r\n\t\t\t\t\t\t\t\t<\/div>\r\n\t\t\t\t\t\t\t<\/div>\r\n\t\t\t\t\t    <\/div>\r\n\t\t\t\t    <\/div><div class=\"rs-menu style2  vc_custom_1775738354399 \">\r\n\t\t\t\t\t\t<div class=\"item-wrap \">\r\n\t\t\t\t\t\t\t<div class=\"row\">\r\n\t\t\t\t\t\t\t\t<div class=\"col-md-4 col-sm-6 col-xs-12 menu-img\">\r\n\t\t\t\t\t\t\t\t\t<div class=\"inner-img\">\r\n\t\t\t\t\t\t\t\t\t\t<img decoding=\"async\" src=\"https:\/\/burgermiesko.pl\/wp-content\/uploads\/2025\/07\/HOT-DOG2-1024x1024.jpg\" alt=\"rsaddon-image\" \/>\r\n\t\t\t\t\t\t\t\t\t<\/div>\t\t\t\t\t\t\t\t\t\r\n\t\t\t\t\t\t\t\t<\/div>\r\n\t\t\t\t\t\t\t\t<div class=\"col-md-8 col-sm-6 col-xs-12 menu-right\">\r\n\t\t\t\t\t\t\t\t\t<div class=\"menu-desc\">\r\n\t\t\t\t\t\t\t\t\t\t<div class=\"inner-content\">\r\n\t\t\t\t\t\t\t\t\t\t\t<h3>Hot Dog Ameryka\u0144ski<\/h3>\r\n\t\t\t\t\t\t\t\t\t\t\t<div class=\"content-p\"><\/div>\r\n\t\t\t\t\t\t\t\t\t\t\t<div class=\"menu-price\">                                   \r\n\t\t\t\t\t\t\t\t\t\t\t\t<div class=\"inner\">\r\n\t\t\t\t\t\t\t\t\t\t\t\t\t<span class=\"price\">38,90 z\u0142 <\/span>\r\n\t\t\t\t\t\t\t\t\t\t\t\t<\/div>\r\n\t\t\t\t\t\t\t\t\t\t\t<\/div>\r\n\t\t\t\t\t\t\t\t\t\t<\/div>\r\n\t\t\t\t\t\t\t\t\t<\/div>\r\n\t\t\t\t\t\t\t\t<\/div>\r\n\t\t\t\t\t\t\t<\/div>\r\n\t\t\t\t\t    <\/div>\r\n\t\t\t\t    <\/div>[\/vc_column_inner][\/vc_row_inner][\/vc_tta_section][\/vc_tta_tabs][\/vc_column][\/vc_row][vc_row full_width=&#8221;stretch_row&#8221; css=&#8221;.vc_custom_1752054197576{padding-top: 58px !important;padding-bottom: 65px !important;}&#8221;][vc_column]\r\n        <div class=\"rs-heading style8   text-center\">\r\n        \t<div class=\"title-inner\">\r\n\t            \r\n\t            <span class=\"sub-text\">Zobacz co jeszcze<\/span>\r\n\t            <h2 class=\"title\" style=\"color: #FFFFFF\">DLA CIEBIE PRZYGOTOWALI\u015aMY<\/h2>\r\n\t        <\/div><\/div>\r\n<div class=\" vc_custom_1752061910117 norotate  btn-center\">\r\n\t<a data-onhoverbg=\"#FFFFFF\" data-bordercolor=\"#EE2341\" class=\"rs-button readon btn2  btn-border\" href=\"https:\/\/www.pyszne.pl\/en\/menu\/joker-20-krakow-centralna?gclsrc=aw.ds&&adj_tracker=5rz7oa4&adj_campaign=11848902366&k1111=k1111&campaignname=CM_S_G_POL_EN_%5BRES%5D_%5BENGM%5D_SC_Krakow_1011367&utm_source=google&utm_medium=cpc&utm_campaign=CM_S_G_POL_EN_%5BRES%5D_%5BENGM%5D_SC_Krakow_1011367&gad_source=1&gad_campaignid=11848902366&gbraid=0AAAAAD3ULIX_iFar9ykuoEX08kzuQyEW8&gclid=Cj0KCQjw953DBhCyARIsANhIZoaCHF5oMWXu3oDPAASSO5vzJb48003fRvJtDdTYEftbnBXLthlITsgaArs3EALw_wcB\" style=\"color:#ffffff;background:#EE2341;border-color:#EE2341;border-color:#EE2341;text-transform:uppercase;border-radius: 30px;\" data-onhovercolor=\"#EE2341\" data-onleavebg=\"#EE2341\" data-onleavecolor=\"#ffffff\" ><span>Sprawd\u017a menu<\/span><\/a>\r\n<\/div>[\/vc_column][\/vc_row][vc_row full_width=&#8221;stretch_row&#8221; css=&#8221;.vc_custom_1752056388378{padding-top: 65px !important;padding-bottom: 165px !important;background-image: url(http:\/\/burgermiesko.pl\/wp-content\/uploads\/2025\/07\/SECTION-BG1.jpg?id=3140) !important;}&#8221; el_id=&#8221;opinie&#8221;][vc_column]\r\n        <div class=\"rs-heading style8   text-center\">\r\n        \t<div class=\"title-inner\">\r\n\t            \r\n\t            \r\n\t            <h2 class=\"title\" style=\"color: #FFFFFF\">Opinie<\/h2>\r\n\t        <\/div><\/div><div class=\"rs-services \">\r\n  \t\t\t\t\t<div class=\"services-details menu-carousel owl-carousel owl-navigation-yes\"><div class=\"rs-services menu-area\"><div class=\"service-inner services-style-8 menu-slider\">\r\n\t\t\t\t\t\t\t<div class=\"item\">\r\n\t\t\t\t\t\t            <div class=\"single-menu-area\">\r\n\t\t\t\t\t\t                <div class=\"cl-single-menu\">\r\n\t\t\t\t\t\t                    <figure><img decoding=\"async\" src=\"https:\/\/burgermiesko.pl\/wp-content\/uploads\/2025\/07\/opinie-1024x1024.jpg\" alt=\"Rs-service\"><\/figure>\r\n\t\t\t\t\t\t                    <div class=\"overlay\">\r\n\t\t\t\t\t\t\t\t\t\t\t\t<div class=\"short-desc2\">\r\n\t\t\t\t\t\t\t\t\t\t\t\t\t<h2 class=\"services-title services-title2\" data-onhovercolor=\"#222\" data-onleavecolor=\"#000\">Tomasz<\/h2>\r\n\t\t\t\t\t\t\t\t\t\t\t\t\t<div class=\"short-desc\">\r\n\t\t\t\t\t\t\t\t\t\t\t\t\t\tBardzo dobre frytki, szybko przyszlo\r\n\t\t\t\t\t\t\t\t\t\t\t\t\t\t\r\n\t\t\t\t\t\t\t\t\t\t\t\t\t<\/div>\r\n\t\t\t\t\t\t\t\t\t\t\t\t<\/div>\r\n\t\t\t\t\t\t                    <\/div>\r\n\t\t\t\t\t\t                <\/div>\r\n\t\t\t\t\t\t\t\t\t\t<div class=\"article\">\r\n\t\t\t\t\t\t\t\t\t\t\t<h3>Tomasz<\/h3>\r\n\t\t\t\t\t\t\t\t\t\t<\/div>\r\n\t\t\t\t\t\t            <\/div>\r\n\t\t\t\t\t\t        <\/div>\r\n\t\t\t\t\t\t\t<\/div>\r\n\t\t\t\t\t\t<\/div><div class=\"rs-services menu-area\"><div class=\"service-inner services-style-8 menu-slider\">\r\n\t\t\t\t\t\t\t<div class=\"item\">\r\n\t\t\t\t\t\t            <div class=\"single-menu-area\">\r\n\t\t\t\t\t\t                <div class=\"cl-single-menu\">\r\n\t\t\t\t\t\t                    <figure><img decoding=\"async\" src=\"https:\/\/burgermiesko.pl\/wp-content\/uploads\/2025\/07\/opinie-1024x1024.jpg\" alt=\"Rs-service\"><\/figure>\r\n\t\t\t\t\t\t                    <div class=\"overlay\">\r\n\t\t\t\t\t\t\t\t\t\t\t\t<div class=\"short-desc2\">\r\n\t\t\t\t\t\t\t\t\t\t\t\t\t<h2 class=\"services-title services-title2\" data-onhovercolor=\"#222\" data-onleavecolor=\"#000\">Kris<\/h2>\r\n\t\t\t\t\t\t\t\t\t\t\t\t\t<div class=\"short-desc\">\r\n\t\t\t\t\t\t\t\t\t\t\t\t\t\tprzepyszna sa\u0142atka, jajko w panko petarda\r\n\t\t\t\t\t\t\t\t\t\t\t\t\t\t\r\n\t\t\t\t\t\t\t\t\t\t\t\t\t<\/div>\r\n\t\t\t\t\t\t\t\t\t\t\t\t<\/div>\r\n\t\t\t\t\t\t                    <\/div>\r\n\t\t\t\t\t\t                <\/div>\r\n\t\t\t\t\t\t\t\t\t\t<div class=\"article\">\r\n\t\t\t\t\t\t\t\t\t\t\t<h3>Kris<\/h3>\r\n\t\t\t\t\t\t\t\t\t\t<\/div>\r\n\t\t\t\t\t\t            <\/div>\r\n\t\t\t\t\t\t        <\/div>\r\n\t\t\t\t\t\t\t<\/div>\r\n\t\t\t\t\t\t<\/div><div class=\"rs-services menu-area\"><div class=\"service-inner services-style-8 menu-slider\">\r\n\t\t\t\t\t\t\t<div class=\"item\">\r\n\t\t\t\t\t\t            <div class=\"single-menu-area\">\r\n\t\t\t\t\t\t                <div class=\"cl-single-menu\">\r\n\t\t\t\t\t\t                    <figure><img decoding=\"async\" src=\"https:\/\/burgermiesko.pl\/wp-content\/uploads\/2025\/07\/opinie-1024x1024.jpg\" alt=\"Rs-service\"><\/figure>\r\n\t\t\t\t\t\t                    <div class=\"overlay\">\r\n\t\t\t\t\t\t\t\t\t\t\t\t<div class=\"short-desc2\">\r\n\t\t\t\t\t\t\t\t\t\t\t\t\t<h2 class=\"services-title services-title2\" data-onhovercolor=\"#222\" data-onleavecolor=\"#000\">Rafa\u0142<\/h2>\r\n\t\t\t\t\t\t\t\t\t\t\t\t\t<div class=\"short-desc\">\r\n\t\t\t\t\t\t\t\t\t\t\t\t\t\tSa\u0142atka z krewetkami przepyszna!! B\u0119d\u0119 stale zamawia\u0142.\r\n\t\t\t\t\t\t\t\t\t\t\t\t\t\t\r\n\t\t\t\t\t\t\t\t\t\t\t\t\t<\/div>\r\n\t\t\t\t\t\t\t\t\t\t\t\t<\/div>\r\n\t\t\t\t\t\t                    <\/div>\r\n\t\t\t\t\t\t                <\/div>\r\n\t\t\t\t\t\t\t\t\t\t<div class=\"article\">\r\n\t\t\t\t\t\t\t\t\t\t\t<h3>Rafa\u0142<\/h3>\r\n\t\t\t\t\t\t\t\t\t\t<\/div>\r\n\t\t\t\t\t\t            <\/div>\r\n\t\t\t\t\t\t        <\/div>\r\n\t\t\t\t\t\t\t<\/div>\r\n\t\t\t\t\t\t<\/div><div class=\"rs-services menu-area\"><div class=\"service-inner services-style-8 menu-slider\">\r\n\t\t\t\t\t\t\t<div class=\"item\">\r\n\t\t\t\t\t\t            <div class=\"single-menu-area\">\r\n\t\t\t\t\t\t                <div class=\"cl-single-menu\">\r\n\t\t\t\t\t\t                    <figure><img decoding=\"async\" src=\"https:\/\/burgermiesko.pl\/wp-content\/uploads\/2025\/07\/opinie-1024x1024.jpg\" alt=\"Rs-service\"><\/figure>\r\n\t\t\t\t\t\t                    <div class=\"overlay\">\r\n\t\t\t\t\t\t\t\t\t\t\t\t<div class=\"short-desc2\">\r\n\t\t\t\t\t\t\t\t\t\t\t\t\t<h2 class=\"services-title services-title2\" data-onhovercolor=\"#222\" data-onleavecolor=\"#000\">Olga<\/h2>\r\n\t\t\t\t\t\t\t\t\t\t\t\t\t<div class=\"short-desc\">\r\n\t\t\t\t\t\t\t\t\t\t\t\t\t\tJedzonko przyjecha\u0142o gor\u0105ce! Burgerki totalna petarda. Wszystko smaczne i \u015bwie\u017ce\r\n\t\t\t\t\t\t\t\t\t\t\t\t\t\t\r\n\t\t\t\t\t\t\t\t\t\t\t\t\t<\/div>\r\n\t\t\t\t\t\t\t\t\t\t\t\t<\/div>\r\n\t\t\t\t\t\t                    <\/div>\r\n\t\t\t\t\t\t                <\/div>\r\n\t\t\t\t\t\t\t\t\t\t<div class=\"article\">\r\n\t\t\t\t\t\t\t\t\t\t\t<h3>Olga<\/h3>\r\n\t\t\t\t\t\t\t\t\t\t<\/div>\r\n\t\t\t\t\t\t            <\/div>\r\n\t\t\t\t\t\t        <\/div>\r\n\t\t\t\t\t\t\t<\/div>\r\n\t\t\t\t\t\t<\/div><div class=\"rs-services menu-area\"><div class=\"service-inner services-style-8 menu-slider\">\r\n\t\t\t\t\t\t\t<div class=\"item\">\r\n\t\t\t\t\t\t            <div class=\"single-menu-area\">\r\n\t\t\t\t\t\t                <div class=\"cl-single-menu\">\r\n\t\t\t\t\t\t                    <figure><img decoding=\"async\" src=\"https:\/\/burgermiesko.pl\/wp-content\/uploads\/2025\/07\/opinie-1024x1024.jpg\" alt=\"Rs-service\"><\/figure>\r\n\t\t\t\t\t\t                    <div class=\"overlay\">\r\n\t\t\t\t\t\t\t\t\t\t\t\t<div class=\"short-desc2\">\r\n\t\t\t\t\t\t\t\t\t\t\t\t\t<h2 class=\"services-title services-title2\" data-onhovercolor=\"#222\" data-onleavecolor=\"#000\">Daryna<\/h2>\r\n\t\t\t\t\t\t\t\t\t\t\t\t\t<div class=\"short-desc\">\r\n\t\t\t\t\t\t\t\t\t\t\t\t\t\tRewelacyjny burger!Szybka dostawa!Polecam\r\n\t\t\t\t\t\t\t\t\t\t\t\t\t\t\r\n\t\t\t\t\t\t\t\t\t\t\t\t\t<\/div>\r\n\t\t\t\t\t\t\t\t\t\t\t\t<\/div>\r\n\t\t\t\t\t\t                    <\/div>\r\n\t\t\t\t\t\t                <\/div>\r\n\t\t\t\t\t\t\t\t\t\t<div class=\"article\">\r\n\t\t\t\t\t\t\t\t\t\t\t<h3>Daryna<\/h3>\r\n\t\t\t\t\t\t\t\t\t\t<\/div>\r\n\t\t\t\t\t\t            <\/div>\r\n\t\t\t\t\t\t        <\/div>\r\n\t\t\t\t\t\t\t<\/div>\r\n\t\t\t\t\t\t<\/div><\/div>\r\n\t\t\t\t<\/div>[\/vc_column][\/vc_row]<\/p>\n<\/div>","protected":false},"excerpt":{"rendered":"<p>[vc_row content_placement=&#8221;middle&#8221; css=&#8221;.vc_custom_1552638487467{padding-top: 100px !important;padding-bottom: 65px !important;}&#8221; el_id=&#8221;about&#8221;][vc_column width=&#8221;1\/2&#8243; css=&#8221;.vc_custom_1552028614198{padding-right: 50px !important;}&#8221;][vc_single_image image=&#8221;3129&#8243; img_size=&#8221;full&#8221; css=&#8221;&#8221;][\/vc_column][vc_column width=&#8221;1\/2&#8243;][vc_column_text css=&#8221;&#8221; el_class=&#8221;about-page&#8221;]Jeste\u015bmy tutaj, aby dostarczy\u0107 Ci najlepsze kawa\u0142ki mi\u0119ska, soczyste burgery, chrupi\u0105ce \u017ceberka, klasyczne hot dogi, \u015bwie\u017ce sa\u0142atki i najlepsze frytki! Stawiamy na jako\u015b\u0107, smak i wygod\u0119 \u2013 to wszystko prosto do Twojego domu![\/vc_column_text][\/vc_column][\/vc_row][vc_row full_width=&#8221;stretch_row&#8221; css=&#8221;.vc_custom_1752050322023{padding-top: 65px !important;padding-bottom: 165px&#8230;<\/p>\n","protected":false},"author":1,"featured_media":0,"parent":0,"menu_order":0,"comment_status":"closed","ping_status":"closed","template":"page-single.php","meta":{"_monsterinsights_skip_tracking":false,"_monsterinsights_sitenote_active":false,"_monsterinsights_sitenote_note":"","_monsterinsights_sitenote_category":0,"footnotes":""},"class_list":["post-2884","page","type-page","status-publish","hentry"],"aioseo_notices":[],"_links":{"self":[{"href":"https:\/\/burgermiesko.pl\/index.php\/wp-json\/wp\/v2\/pages\/2884","targetHints":{"allow":["GET"]}}],"collection":[{"href":"https:\/\/burgermiesko.pl\/index.php\/wp-json\/wp\/v2\/pages"}],"about":[{"href":"https:\/\/burgermiesko.pl\/index.php\/wp-json\/wp\/v2\/types\/page"}],"author":[{"embeddable":true,"href":"https:\/\/burgermiesko.pl\/index.php\/wp-json\/wp\/v2\/users\/1"}],"replies":[{"embeddable":true,"href":"https:\/\/burgermiesko.pl\/index.php\/wp-json\/wp\/v2\/comments?post=2884"}],"version-history":[{"count":25,"href":"https:\/\/burgermiesko.pl\/index.php\/wp-json\/wp\/v2\/pages\/2884\/revisions"}],"predecessor-version":[{"id":3183,"href":"https:\/\/burgermiesko.pl\/index.php\/wp-json\/wp\/v2\/pages\/2884\/revisions\/3183"}],"wp:attachment":[{"href":"https:\/\/burgermiesko.pl\/index.php\/wp-json\/wp\/v2\/media?parent=2884"}],"curies":[{"name":"wp","href":"https:\/\/api.w.org\/{rel}","templated":true}]}}